{"id":6,"date":"2019-02-26T20:05:42","date_gmt":"2019-02-26T19:05:42","guid":{"rendered":"https:\/\/www.palmer.ch\/?page_id=6"},"modified":"2023-11-27T14:05:55","modified_gmt":"2023-11-27T13:05:55","slug":"6-2","status":"publish","type":"page","link":"https:\/\/www.palmer.ch\/","title":{"rendered":"Home"},"content":{"rendered":"[et_pb_section fb_built=&#8220;1&#8243; _builder_version=&#8220;4.16&#8243; global_colors_info=&#8220;{}&#8220;][et_pb_row _builder_version=&#8220;4.16&#8243; background_size=&#8220;initial&#8220; background_position=&#8220;top_left&#8220; background_repeat=&#8220;repeat&#8220; global_colors_info=&#8220;{}&#8220;][et_pb_column type=&#8220;4_4&#8243; _builder_version=&#8220;4.16&#8243; custom_padding=&#8220;|||&#8220; global_colors_info=&#8220;{}&#8220; custom_padding__hover=&#8220;|||&#8220;][et_pb_image src=&#8220;https:\/\/www.palmer.ch\/wp-content\/uploads\/2019\/02\/Palmer-Logo-1.png&#8220; align=&#8220;center&#8220; align_tablet=&#8220;center&#8220; align_last_edited=&#8220;on|desktop&#8220; _builder_version=&#8220;4.16&#8243; max_width=&#8220;70%&#8220; global_colors_info=&#8220;{}&#8220; align_phone=&#8220;center&#8220;][\/et_pb_image][\/et_pb_column][\/et_pb_row][\/et_pb_section][et_pb_section fb_built=&#8220;1&#8243; fullwidth=&#8220;on&#8220; _builder_version=&#8220;4.16&#8243; global_colors_info=&#8220;{}&#8220;][et_pb_fullwidth_image src=&#8220;https:\/\/www.palmer.ch\/wp-content\/uploads\/2022\/06\/iStock-104521459-xxl.jpg&#8220; _builder_version=&#8220;4.16&#8243; global_colors_info=&#8220;{}&#8220;][\/et_pb_fullwidth_image][\/et_pb_section][et_pb_section fb_built=&#8220;1&#8243; _builder_version=&#8220;4.16&#8243; global_colors_info=&#8220;{}&#8220;][et_pb_row _builder_version=&#8220;4.16&#8243; background_size=&#8220;initial&#8220; background_position=&#8220;top_left&#8220; background_repeat=&#8220;repeat&#8220; global_colors_info=&#8220;{}&#8220;][et_pb_column type=&#8220;4_4&#8243; _builder_version=&#8220;4.16&#8243; custom_padding=&#8220;|||&#8220; global_colors_info=&#8220;{}&#8220; custom_padding__hover=&#8220;|||&#8220;][et_pb_text _builder_version=&#8220;4.16&#8243; global_colors_info=&#8220;{}&#8220;]<p><\/p>\r\n<h1 class=\"wp-block-heading\">Herzlich willkommen bei Palmer Consultants AG<\/h1>\r\n<p><\/p>\r\n<p><!-- \/wp:paragraph --><\/p>\r[\/et_pb_text][\/et_pb_column][\/et_pb_row][et_pb_row _builder_version=&#8220;4.16&#8243; background_size=&#8220;initial&#8220; background_position=&#8220;top_left&#8220; background_repeat=&#8220;repeat&#8220; global_colors_info=&#8220;{}&#8220; column_structure=&#8220;1_2,1_2&#8243;][et_pb_column type=&#8220;1_2&#8243; _builder_version=&#8220;4.16&#8243; custom_padding=&#8220;|||&#8220; global_colors_info=&#8220;{}&#8220; custom_padding__hover=&#8220;|||&#8220;][et_pb_text _builder_version=&#8220;4.16&#8243; global_colors_info=&#8220;{}&#8220;]<p>Als kompetenter Partner begleiten wir Sie und Ihr Unternehmen in allen Phasen (Gr\u00fcndung, Wachstum, Liquidation).<\/p>\r\n<p>Wir beraten Sie gerne bei der Wahl der richtigen Rechtsform und stehen Ihnen beim Unternehmensentwicklungsprozess zur Seite.<br \/>Wir helfen Ihnen, Ihr Unternehmen richtig zu positionieren und eine tragende Strategie zu entwickeln.<\/p>\r\n<p>Entsprechend Ihren Anforderungen bauen wir f\u00fcr Sie eine transparente, aussagekr\u00e4ftige Buchf\u00fchrung auf, sei es eine einfache kleine Finanzbuchhaltung oder eine mehrdimensionale Kostenrechnung (z.B. Projekt- oder Partnerabrechnung \u2013 auch \u00dcberj\u00e4hrig \u2013 jederzeit auf Knopfdruck).<\/p>\r\n<p>Wir f\u00fchren die B\u00fccher zeitnah und zuverl\u00e4ssig und legen speziell Wert auf eine korrekte MWST-Verbuchung (auch bei hoheitlichen T\u00e4tigkeiten) und Steueroptimierung.<\/p>\r[\/et_pb_text][\/et_pb_column][et_pb_column type=&#8220;1_2&#8243; _builder_version=&#8220;4.16&#8243; custom_padding=&#8220;|||&#8220; global_colors_info=&#8220;{}&#8220; custom_padding__hover=&#8220;|||&#8220;][et_pb_text _builder_version=&#8220;4.16&#8243; global_colors_info=&#8220;{}&#8220;]<p>Dank unserem Expertennetzwerk k\u00f6nnen wir Ihnen auch L\u00f6sungen f\u00fcr komplexe Fragen in den Bereichen<\/p>\r\n<ul>\r\n<li>Recht<\/li>\r\n<li>internationale Steuern (direkte Steuern und MWST)<\/li>\r\n<li>Zoll<\/li>\r\n<li>Merger &amp; Acquisition<\/li>\r\n<li>Berufliche Vorsorge<\/li>\r\n<li>Liquidationen<\/li>\r\n<li>Erbteilungen<\/li>\r\n<li>Erbschaftsverwaltungen etc.<\/li>\r\n<\/ul>\r\n<p>bieten.\u00a0<\/p>\r[\/et_pb_text][et_pb_button button_text=&#8220;Interview Gewerbeverband Zug (PDF)&#8220; _builder_version=&#8220;4.22.1&#8243; _module_preset=&#8220;default&#8220; button_url=&#8220;https:\/\/www.palmer.ch\/wp-content\/uploads\/2023\/11\/WIZ_05-2023_Interview_Nussbaum.pdf&#8220; url_new_window=&#8220;on&#8220; custom_button=&#8220;on&#8220; button_text_color=&#8220;#000000&#8243; hover_enabled=&#8220;0&#8243; sticky_enabled=&#8220;0&#8243; button_text_size=&#8220;18px&#8220;][\/et_pb_button][\/et_pb_column][\/et_pb_row][\/et_pb_section][et_pb_section fb_built=&#8220;1&#8243; fullwidth=&#8220;on&#8220; _builder_version=&#8220;4.16&#8243; global_colors_info=&#8220;{}&#8220;][et_pb_fullwidth_code _builder_version=&#8220;4.16&#8243; global_colors_info=&#8220;{}&#8220;]<iframe loading=\"lazy\" src=\"https:\/\/www.google.com\/maps\/embed?pb=!1m18!1m12!1m3!1d2711.4474377852484!2d8.513273116347913!3d47.18825427915912!2m3!1f0!2f0!3f0!3m2!1i1024!2i768!4f13.1!3m3!1m2!1s0x479aaa4117c01fbf%3A0x5b86a001d577a8e6!2sPalmer+Consultants+AG!5e0!3m2!1sde!2sch!4v1551209103900\" width=\"100%\" height=\"450\" frameborder=\"0\" style=\"border:0\" allowfullscreen><\/iframe>[\/et_pb_fullwidth_code][\/et_pb_section][et_pb_section fb_built=&#8220;1&#8243; _builder_version=&#8220;4.16&#8243; global_colors_info=&#8220;{}&#8220;][et_pb_row _builder_version=&#8220;4.16&#8243; background_size=&#8220;initial&#8220; background_position=&#8220;top_left&#8220; background_repeat=&#8220;repeat&#8220; global_colors_info=&#8220;{}&#8220; column_structure=&#8220;1_2,1_2&#8243;][et_pb_column type=&#8220;1_2&#8243; _builder_version=&#8220;4.16&#8243; custom_padding=&#8220;|||&#8220; global_colors_info=&#8220;{}&#8220; custom_padding__hover=&#8220;|||&#8220;][et_pb_text _builder_version=&#8220;4.16&#8243; global_colors_info=&#8220;{}&#8220;]<p>Am besten nehmen Sie den H\u00f6rer in die Hand und rufen uns an. Wir finden f\u00fcr Sie die richtige L\u00f6sung.<\/p>\r\n<p><!-- \/wp:paragraph --><!-- wp:paragraph --><strong>Palmer Consultants AG<\/strong><br \/>Treuhand und Revisionsgesellschaft<br \/>Oberneuhofstrasse 6<br \/>6340 Baar<\/p>\r\n<p>Telefon\u00a0+41 41 710 19 20<br \/><a href=\"mailto:info@palmer.ch\">info@palmer.ch <\/a><\/p>\r[\/et_pb_text][et_pb_text _builder_version=&#8220;4.16&#8243; global_colors_info=&#8220;{}&#8220;]<p><a href=\"https:\/\/www.palmer.ch\/wp-content\/uploads\/2023\/09\/Datenschutzerkla\u0308rung-Palmer-V-31.08.2023.pdf\" target=\"_blank\" rel=\"noopener noreferrer\">Datenschutzerkl\u00e4rung<\/a><\/p>[\/et_pb_text][\/et_pb_column][et_pb_column type=&#8220;1_2&#8243; _builder_version=&#8220;4.16&#8243; custom_padding=&#8220;|||&#8220; global_colors_info=&#8220;{}&#8220; custom_padding__hover=&#8220;|||&#8220;][et_pb_contact_form email=&#8220;info@palmer.ch&#8220; success_message=&#8220;Vielen Dank f\u00fcr Ihre Nachricht. Wir me&#8220; submit_button_text=&#8220;Absenden&#8220; _builder_version=&#8220;4.16&#8243; _unique_id=&#8220;9b081a14-b98f-40ba-a37b-5b1523ff8849&#8243; global_colors_info=&#8220;{}&#8220;][et_pb_contact_field field_id=&#8220;Name&#8220; field_title=&#8220;Name&#8220; _builder_version=&#8220;4.16&#8243; global_colors_info=&#8220;{}&#8220;][\/et_pb_contact_field][et_pb_contact_field field_id=&#8220;Email&#8220; field_title=&#8220;E-Mail-Adresse&#8220; field_type=&#8220;email&#8220; _builder_version=&#8220;4.16&#8243; global_colors_info=&#8220;{}&#8220;][\/et_pb_contact_field][et_pb_contact_field field_id=&#8220;Message&#8220; field_title=&#8220;Nachricht&#8220; field_type=&#8220;text&#8220; fullwidth_field=&#8220;on&#8220; _builder_version=&#8220;4.16&#8243; global_colors_info=&#8220;{}&#8220;][\/et_pb_contact_field][\/et_pb_contact_form][\/et_pb_column][\/et_pb_row][\/et_pb_section]","protected":false},"excerpt":{"rendered":"<p>Herzlich willkommen bei Palmer Consultants AG Als kompetenter Partner begleiten wir Sie und Ihr Unternehmen in allen Phasen (Gr\u00fcndung, Wachstum, Liquidation). Wir beraten Sie gerne bei der Wahl der richtigen Rechtsform und stehen Ihnen beim Unternehmensentwicklungsprozess zur Seite.Wir helfen Ihnen, Ihr Unternehmen richtig zu positionieren und eine tragende Strategie zu entwickeln. Entsprechend Ihren Anforderungen bauen [&hellip;]<\/p>\n","protected":false},"author":1,"featured_media":0,"parent":0,"menu_order":0,"comment_status":"closed","ping_status":"closed","template":"page-template-blank.php","meta":{"_et_pb_use_builder":"on","_et_pb_old_content":"<!-- wp:heading {\"level\":1} -->\r\n<h1>Herzlich willkommen bei Palmer Consultants AG<\/h1>\r\n<!-- \/wp:heading --><!-- wp:paragraph -->\r\n<p>Als kompetenter Partner begleiten wir Sie und Ihr Unternehmen in allen Phasen (Gr\u00fcndung, Wachstum, Liquidation).<br \/><br \/>Wir beraten Sie gerne bei der Wahl der richtigen Rechtsform und stehen Ihnen beim Unternehmensentwicklungsprozess zur Seite.<br \/>Wir helfen Ihnen, Ihr Unternehmen richtig zu positionieren und eine tragende Strategie zu entwickeln.<br \/><br \/>Entsprechend Ihren Anforderungen bauen wir f\u00fcr Sie eine transparente, aussagekr\u00e4ftige Buchf\u00fchrung auf, sei es eine einfache kleine Finanzbuchhaltung oder eine mehrdimensionale Kostenrechnung (z.B. Projekt- oder Partnerabrechnung - auch \u00dcberj\u00e4hrig - jederzeit auf Knopfdruck).<br \/><br \/>Wir f\u00fchren die B\u00fccher zeitnah und zuverl\u00e4ssig und legen speziell Wert auf eine korrekte MWST-Verbuchung (auch bei hoheitlichen T\u00e4tigkeiten) und Steueroptimierung.<br \/><br \/>Dank unserem Expertennetzwerk k\u00f6nnen wir Ihnen auch L\u00f6sungen f\u00fcr komplexe Fragen in den Bereichen <br \/><br \/>- Recht<br \/>- internationale Steuern (direkte Steuern und MWST)<br \/>- Zoll<br \/>- Merger & Acquisition<br \/>- Berufliche Vorsorge<br \/>- Liquidationen<br \/>- Erbteilungen<br \/>- Erbschaftsverwaltungen etc.<br \/><br \/>bieten.\u00a0<br \/><br \/>Am besten nehmen Sie den H\u00f6rer in die Hand und rufen uns an. Wir finden f\u00fcr Sie die richtige L\u00f6sung.<\/p>\r\n<!-- \/wp:paragraph --><!-- wp:paragraph -->\r\n<p>Palmer Consultants AG<br \/>Treuhand und Revisionsgesellschaft<br \/>Oberneuhofstrasse 6, 6340 Baar<br \/>Telefon\u00a0+41 41 710 19 20<\/p>\r\n<!-- \/wp:paragraph -->","_et_gb_content_width":"","footnotes":""},"_links":{"self":[{"href":"https:\/\/www.palmer.ch\/index.php\/wp-json\/wp\/v2\/pages\/6"}],"collection":[{"href":"https:\/\/www.palmer.ch\/index.php\/wp-json\/wp\/v2\/pages"}],"about":[{"href":"https:\/\/www.palmer.ch\/index.php\/wp-json\/wp\/v2\/types\/page"}],"author":[{"embeddable":true,"href":"https:\/\/www.palmer.ch\/index.php\/wp-json\/wp\/v2\/users\/1"}],"replies":[{"embeddable":true,"href":"https:\/\/www.palmer.ch\/index.php\/wp-json\/wp\/v2\/comments?post=6"}],"version-history":[{"count":17,"href":"https:\/\/www.palmer.ch\/index.php\/wp-json\/wp\/v2\/pages\/6\/revisions"}],"predecessor-version":[{"id":42,"href":"https:\/\/www.palmer.ch\/index.php\/wp-json\/wp\/v2\/pages\/6\/revisions\/42"}],"wp:attachment":[{"href":"https:\/\/www.palmer.ch\/index.php\/wp-json\/wp\/v2\/media?parent=6"}],"curies":[{"name":"wp","href":"https:\/\/api.w.org\/{rel}","templated":true}]}}